{"id":3946,"date":"2019-09-18T08:13:57","date_gmt":"2019-09-18T08:13:57","guid":{"rendered":"https:\/\/mesaspingpongexterior.es\/?page_id=3946"},"modified":"2020-09-29T12:48:19","modified_gmt":"2020-09-29T12:48:19","slug":"catalogos","status":"publish","type":"page","link":"https:\/\/mesaspingpongexterior.es\/fr\/catalogos\/","title":{"rendered":"Catalogues"},"content":{"rendered":"<p>[vc_row content_width=&#8221;grid&#8221; css=&#8221;.vc_custom_1575289077855{padding-top: 35px !important;}&#8221;][vc_column offset=&#8221;vc_col-lg-8 vc_col-md-12&#8243;][vc_single_image image=&#8221;3949&#8243; img_size=&#8221;full&#8221;][vc_empty_space height=&#8221;25px&#8221;][\/vc_column][vc_column css=&#8221;.vc_custom_1453987232472{padding-right: 10% !important;}&#8221; offset=&#8221;vc_col-lg-4 vc_col-md-12&#8243;][vc_column_text]<\/p>\n<p class=\"p1\"><span class=\"s1\"><b>T\u00e9l\u00e9chargez notre <a href=\"https:\/\/deportesurbanos.com\/fr\/\" target=\"_blank\" rel=\"noopener noreferrer\">catalogue d\u2019\u00e9quipement sportif d\u2019ext\u00e9rieur<\/a>.<\/b><\/span><\/p>\n<p class=\"p1\"><span class=\"s1\"><b>Hormis les <a href=\"https:\/\/deportesurbanos.com\/fr\/tables-ping-pong-d-exterieur\/\" target=\"_blank\" rel=\"noopener noreferrer\">tables de ping-pong d&#8217;ext\u00e9rieur<\/a>, vous y trouverez: <\/b><\/span><span class=\"s1\">les tables d\u2019\u00e9checs d\u2019ext\u00e9rieur, les tables multi-jeux anti-vandalisme, les tables d\u2019ext\u00e9rieur personnalis\u00e9es, les baby-foot d\u2019ext\u00e9rieur, les paniers de basket et mini-basket, les buts anti-vandalisme, l\u2019\u00e9quipement de callisth\u00e9nie, les pistes de skate, et les \u00e9l\u00e9ments d\u2019agility pour parcs canins.<\/span><\/p>\n<p>[\/vc_column_text][vc_empty_space height=&#8221;25px&#8221;]<a href=\"https:\/\/deportesurbanos.com\/Catalogos\/Deportes_Urbanos_Catalogo_Equipamiento_Deportivo_Exterior_Antivandalico.pdf\" target=\"_self\" style=\"color: #ffffff;background-color: #777777;font-size: 14px;font-weight: 400\" class=\"qodef-btn qodef-btn-medium qodef-btn-solid qodef-btn-custom-hover-bg qodef-btn-custom-hover-color qodef-btn-icon\" data-hover-bg-color=\"#191919\" data-hover-color=\"#ffffff\" >\n    <span  class=\"qodef-btn-text\">VOIR CATALOGUE<\/span>\n    <i class=\"qodef-icon-font-awesome fa fa-eye \" ><\/i><\/a>[vc_empty_space height=&#8221;68px&#8221;][\/vc_column][\/vc_row]<\/p>","protected":false},"excerpt":{"rendered":"<p>[vc_row content_width=&#8221;grid&#8221; css=&#8221;.vc_custom_1575289077855{padding-top: 35px !important;}&#8221;][vc_column offset=&#8221;vc_col-lg-8 vc_col-md-12&#8243;][vc_single_image image=&#8221;3949&#8243; img_size=&#8221;full&#8221;][vc_empty_space height=&#8221;25px&#8221;][\/vc_column][vc_column css=&#8221;.vc_custom_1453987232472{padding-right: 10% !important;}&#8221; offset=&#8221;vc_col-lg-4 vc_col-md-12&#8243;][vc_column_text] T\u00e9l\u00e9chargez notre catalogue d\u2019\u00e9quipement sportif d\u2019ext\u00e9rieur. Hormis les tables de ping-pong d&#8217;ext\u00e9rieur, vous y trouverez: les tables d\u2019\u00e9checs d\u2019ext\u00e9rieur, les tables multi-jeux anti-vandalisme, les tables d\u2019ext\u00e9rieur personnalis\u00e9es, les baby-foot d\u2019ext\u00e9rieur,&#8230;<\/p>\n","protected":false},"author":1,"featured_media":0,"parent":0,"menu_order":4,"comment_status":"closed","ping_status":"closed","template":"full-width.php","meta":{"ngg_post_thumbnail":0},"yoast_head":"<!-- This site is optimized with the Yoast SEO plugin v17.0 - https:\/\/yoast.com\/wordpress\/plugins\/seo\/ -->\n<title>Catalogues - Mesas ping pong exterior<\/title>\n<meta name=\"robots\" content=\"index, follow, max-snippet:-1, max-image-preview:large, max-video-preview:-1\" \/>\n<link rel=\"canonical\" href=\"https:\/\/mesaspingpongexterior.es\/catalogos\/\" \/>\n<meta property=\"og:locale\" content=\"fr_FR\" \/>\n<meta property=\"og:type\" content=\"article\" \/>\n<meta property=\"og:title\" content=\"[:es]Cat\u00e1logos[:fr]Catalogues[:] - Mesas ping pong exterior\" \/>\n<meta property=\"og:description\" content=\"[vc_row content_width=&#8221;grid&#8221; css=&#8221;.vc_custom_1575289077855{padding-top: 35px !important;}&#8221;][vc_column offset=&#8221;vc_col-lg-8 vc_col-md-12&#8243;][vc_single_image image=&#8221;3949&#8243; img_size=&#8221;full&#8221;][vc_empty_space height=&#8221;25px&#8221;][\/vc_column][vc_column css=&#8221;.vc_custom_1453987232472{padding-right: 10% !important;}&#8221; offset=&#8221;vc_col-lg-4 vc_col-md-12&#8243;][vc_column_text] T\u00e9l\u00e9chargez notre catalogue d\u2019\u00e9quipement sportif d\u2019ext\u00e9rieur. Hormis les tables de ping-pong d&#8217;ext\u00e9rieur, vous y trouverez: les tables d\u2019\u00e9checs d\u2019ext\u00e9rieur, les tables multi-jeux anti-vandalisme, les tables d\u2019ext\u00e9rieur personnalis\u00e9es, les baby-foot d\u2019ext\u00e9rieur,...\" \/>\n<meta property=\"og:url\" content=\"https:\/\/mesaspingpongexterior.es\/catalogos\/\" \/>\n<meta property=\"og:site_name\" content=\"Mesas ping pong exterior\" \/>\n<meta property=\"article:modified_time\" content=\"2020-09-29T12:48:19+00:00\" \/>\n<meta name=\"twitter:card\" content=\"summary_large_image\" \/>\n<meta name=\"twitter:label1\" content=\"Dur\u00e9e de lecture est.\" \/>\n\t<meta name=\"twitter:data1\" content=\"2 minutes\" \/>\n<script type=\"application\/ld+json\" class=\"yoast-schema-graph\">{\"@context\":\"https:\/\/schema.org\",\"@graph\":[{\"@type\":\"WebSite\",\"@id\":\"https:\/\/mesaspingpongexterior.es\/#website\",\"url\":\"https:\/\/mesaspingpongexterior.es\/\",\"name\":\"Mesas ping pong exterior\",\"description\":\"Mesas de ping pong\",\"potentialAction\":[{\"@type\":\"SearchAction\",\"target\":{\"@type\":\"EntryPoint\",\"urlTemplate\":\"https:\/\/mesaspingpongexterior.es\/?s={search_term_string}\"},\"query-input\":\"required name=search_term_string\"}],\"inLanguage\":\"fr-FR\"},{\"@type\":\"WebPage\",\"@id\":\"https:\/\/mesaspingpongexterior.es\/catalogos\/#webpage\",\"url\":\"https:\/\/mesaspingpongexterior.es\/catalogos\/\",\"name\":\"[:es]Cat\\u00e1logos[:fr]Catalogues[:] - Mesas ping pong exterior\",\"isPartOf\":{\"@id\":\"https:\/\/mesaspingpongexterior.es\/#website\"},\"datePublished\":\"2019-09-18T08:13:57+00:00\",\"dateModified\":\"2020-09-29T12:48:19+00:00\",\"breadcrumb\":{\"@id\":\"https:\/\/mesaspingpongexterior.es\/catalogos\/#breadcrumb\"},\"inLanguage\":\"fr-FR\",\"potentialAction\":[{\"@type\":\"ReadAction\",\"target\":[\"https:\/\/mesaspingpongexterior.es\/catalogos\/\"]}]},{\"@type\":\"BreadcrumbList\",\"@id\":\"https:\/\/mesaspingpongexterior.es\/catalogos\/#breadcrumb\",\"itemListElement\":[{\"@type\":\"ListItem\",\"position\":1,\"name\":\"Portada\",\"item\":\"https:\/\/mesaspingpongexterior.es\/\"},{\"@type\":\"ListItem\",\"position\":2,\"name\":\"Cat\\u00e1logos\"}]}]}<\/script>\n<!-- \/ Yoast SEO plugin. -->","yoast_head_json":{"title":"[:es]Cat\u00e1logos[:fr]Catalogues[:] - Mesas ping pong exterior","robots":{"index":"index","follow":"follow","max-snippet":"max-snippet:-1","max-image-preview":"max-image-preview:large","max-video-preview":"max-video-preview:-1"},"canonical":"https:\/\/mesaspingpongexterior.es\/catalogos\/","og_locale":"fr_FR","og_type":"article","og_title":"[:es]Cat\u00e1logos[:fr]Catalogues[:] - Mesas ping pong exterior","og_description":"[vc_row content_width=&#8221;grid&#8221; css=&#8221;.vc_custom_1575289077855{padding-top: 35px !important;}&#8221;][vc_column offset=&#8221;vc_col-lg-8 vc_col-md-12&#8243;][vc_single_image image=&#8221;3949&#8243; img_size=&#8221;full&#8221;][vc_empty_space height=&#8221;25px&#8221;][\/vc_column][vc_column css=&#8221;.vc_custom_1453987232472{padding-right: 10% !important;}&#8221; offset=&#8221;vc_col-lg-4 vc_col-md-12&#8243;][vc_column_text] T\u00e9l\u00e9chargez notre catalogue d\u2019\u00e9quipement sportif d\u2019ext\u00e9rieur. Hormis les tables de ping-pong d&#8217;ext\u00e9rieur, vous y trouverez: les tables d\u2019\u00e9checs d\u2019ext\u00e9rieur, les tables multi-jeux anti-vandalisme, les tables d\u2019ext\u00e9rieur personnalis\u00e9es, les baby-foot d\u2019ext\u00e9rieur,...","og_url":"https:\/\/mesaspingpongexterior.es\/catalogos\/","og_site_name":"Mesas ping pong exterior","article_modified_time":"2020-09-29T12:48:19+00:00","twitter_card":"summary_large_image","twitter_misc":{"Dur\u00e9e de lecture est.":"2 minutes"},"schema":{"@context":"https:\/\/schema.org","@graph":[{"@type":"WebSite","@id":"https:\/\/mesaspingpongexterior.es\/#website","url":"https:\/\/mesaspingpongexterior.es\/","name":"Mesas ping pong exterior","description":"Mesas de ping pong","potentialAction":[{"@type":"SearchAction","target":{"@type":"EntryPoint","urlTemplate":"https:\/\/mesaspingpongexterior.es\/?s={search_term_string}"},"query-input":"required name=search_term_string"}],"inLanguage":"fr-FR"},{"@type":"WebPage","@id":"https:\/\/mesaspingpongexterior.es\/catalogos\/#webpage","url":"https:\/\/mesaspingpongexterior.es\/catalogos\/","name":"[:es]Cat\u00e1logos[:fr]Catalogues[:] - Mesas ping pong exterior","isPartOf":{"@id":"https:\/\/mesaspingpongexterior.es\/#website"},"datePublished":"2019-09-18T08:13:57+00:00","dateModified":"2020-09-29T12:48:19+00:00","breadcrumb":{"@id":"https:\/\/mesaspingpongexterior.es\/catalogos\/#breadcrumb"},"inLanguage":"fr-FR","potentialAction":[{"@type":"ReadAction","target":["https:\/\/mesaspingpongexterior.es\/catalogos\/"]}]},{"@type":"BreadcrumbList","@id":"https:\/\/mesaspingpongexterior.es\/catalogos\/#breadcrumb","itemListElement":[{"@type":"ListItem","position":1,"name":"Portada","item":"https:\/\/mesaspingpongexterior.es\/"},{"@type":"ListItem","position":2,"name":"Cat\u00e1logos"}]}]}},"_links":{"self":[{"href":"https:\/\/mesaspingpongexterior.es\/fr\/wp-json\/wp\/v2\/pages\/3946"}],"collection":[{"href":"https:\/\/mesaspingpongexterior.es\/fr\/wp-json\/wp\/v2\/pages"}],"about":[{"href":"https:\/\/mesaspingpongexterior.es\/fr\/wp-json\/wp\/v2\/types\/page"}],"author":[{"embeddable":true,"href":"https:\/\/mesaspingpongexterior.es\/fr\/wp-json\/wp\/v2\/users\/1"}],"replies":[{"embeddable":true,"href":"https:\/\/mesaspingpongexterior.es\/fr\/wp-json\/wp\/v2\/comments?post=3946"}],"version-history":[{"count":12,"href":"https:\/\/mesaspingpongexterior.es\/fr\/wp-json\/wp\/v2\/pages\/3946\/revisions"}],"predecessor-version":[{"id":4735,"href":"https:\/\/mesaspingpongexterior.es\/fr\/wp-json\/wp\/v2\/pages\/3946\/revisions\/4735"}],"wp:attachment":[{"href":"https:\/\/mesaspingpongexterior.es\/fr\/wp-json\/wp\/v2\/media?parent=3946"}],"curies":[{"name":"wp","href":"https:\/\/api.w.org\/{rel}","templated":true}]}}