{"id":4041,"date":"2019-09-18T11:26:03","date_gmt":"2019-09-18T11:26:03","guid":{"rendered":"https:\/\/mesaspingpongexterior.es\/?page_id=4041"},"modified":"2020-01-13T11:40:51","modified_gmt":"2020-01-13T11:40:51","slug":"politica-de-privacidad","status":"publish","type":"page","link":"https:\/\/mesaspingpongexterior.es\/fr\/politica-de-privacidad\/","title":{"rendered":"Pol\u00edtica de Privacidad"},"content":{"rendered":"<p>[vc_row][vc_column width=&#8221;1\/6&#8243;][vc_empty_space height=&#8221;1px&#8221;][\/vc_column][vc_column width=&#8221;2\/3&#8243;][vc_empty_space height=&#8221;30px&#8221;][vc_column_text]<\/p>\n<h3 style=\"text-align: center; color: #669ecf;\">AVISO LEGAL Y POL\u00cdTICA DE PRIVACIDAD<\/h3>\n<p>[\/vc_column_text][vc_empty_space height=&#8221;20px&#8221;][vc_column_text]<\/p>\n<h4 style=\"text-align: justify; color: #000;\"><strong>INFORMACI\u00d3N LEGAL LSSIYCE<\/strong><\/h4>\n<p style=\"text-align: justify;\">De acuerdo con las obligaciones previstas en la Ley 34\/2002, de servicios de la Sociedad de la Informaci\u00f3n y del comercio electr\u00f3nico (en adelante LSSIYCE), <b>DEPORTES URBANOS DE EXTERIOR, SL<\/b> manifiesta que el dominio www.deportesurbanos.com es propiedad de <b>DEPORTES URBANOS DE EXTERIOR, SL<\/b>, con CIF B95775383, y domicilio en Poligono Industrial Erletxe Plataforma K-3 Nave 24<span class=\"Apple-converted-space\">&nbsp; <\/span>, 48960 GALDAKAO (VIZCAYA)<\/p>\n<p style=\"text-align: justify;\">Que <b>DEPORTES URBANOS DE EXTERIOR, SL<\/b> consta inscrita en el Registro Mercantil de BIZKAIA, en el tomo 5473, folio 202, hoja n\u00famero BI 64825.<\/p>\n<p style=\"text-align: justify;\"><b>DEPORTES URBANOS DE EXTERIOR, SL<\/b> no puede asumir ninguna responsabilidad derivada del uso incorrecto, inapropiado o il\u00edcito de la informaci\u00f3n aparecida en sus p\u00e1ginas.<\/p>\n<p style=\"text-align: justify;\">Con los l\u00edmites establecidos en la ley, <b>DEPORTES URBANOS DE EXTERIOR, SL<\/b> no asume ninguna responsabilidad derivada de la falta de veracidad, integridad, actualizaci\u00f3n y precisi\u00f3n de los datos o informaciones que se contienen en sus p\u00e1ginas de Internet. Los contenidos e informaci\u00f3n de las p\u00e1ginas de Internet de <b>DEPORTES URBANOS DE EXTERIOR, SL<\/b> est\u00e1n elaborados por profesionales debidamente cualificados para el ejercicio de su profesi\u00f3n. Sin embargo, los contenidos e informaci\u00f3n no vinculan a la susodicha, ni constituyen opiniones, consejos o asesoramiento legal de ning\u00fan tipo, pues se trata meramente de un servicio ofrecido con car\u00e1cter informativo y divulgativo.<\/p>\n<p style=\"text-align: justify;\">Las p\u00e1ginas de Internet de <b>DEPORTES URBANOS DE EXTERIOR, SL<\/b> pueden contener enlaces (links) a otras p\u00e1ginas de terceras. Por lo tanto, \u00e9sta no puede asumir responsabilidades por el contenido que pueda aparecer en p\u00e1ginas de terceros. Los textos, im\u00e1genes, sonidos, animaciones, software y el resto de contenidos incluidos en este website son propiedad exclusiva de <b>DEPORTES URBANOS DE EXTERIOR, SL<\/b> o sus licenciantes. Cualquier acto de transmisi\u00f3n, distribuci\u00f3n, cesi\u00f3n, reproducci\u00f3n, almacenamiento o comunicaci\u00f3n p\u00fablica total o parcial, debe contar con el consentimiento expreso de <b>DEPORTES URBANOS DE EXTERIOR, SL<\/b>.<\/p>\n<h4 style=\"text-align: justify; color: #000;\"><strong>PROTECCI\u00d3N DE DATOS PERSONALES<\/strong><\/h4>\n<p style=\"text-align: justify;\">En virtud de la normativa sobre la Protecci\u00f3n de Datos de car\u00e1cter personal, lo hacemos conocedor de que sus datos personales, que pueden estar en esta comunicaci\u00f3n, est\u00e1n incorporados en un fichero denominado \u201cMarketing\u201d responsabilidad de la mercantil <b>DEPORTES URBANOS DE EXTERIOR, SL<\/b>, CIF: B95775383. La finalidad de este fichero es la de gestionar la relaci\u00f3n negocial e informarle de nuestros servicios. Estos datos no ser\u00e1n transmitidos a terceras personas.<\/p>\n<p style=\"text-align: justify;\">En el caso de que esta Web, en algunas ocasiones con la finalidad de disponer de un<i> <\/i>perfil de sus usuarios y analizar el servicio y\/o productos con mayor inter\u00e9s, pueda utilizar \u00abCookies\u00bb, es decir, peque\u00f1os ficheros de datos que se generan en el ordenador de EL USUARIO y que permiten obtener la siguiente Informaci\u00f3n: 1) Fecha y hora de la \u00faltima vez que el usuario visit\u00f3 la web; 2) Dise\u00f1o y contenidos que EL USUARIO escogi\u00f3 en su primera visita a la web; 3) Elementos de seguridad que intervienen en el control de acceso a las \u00e1reas restringidas y; 4) Otras circunstancias an\u00e1logas. EL USUARIO tiene la opci\u00f3n de impedir la generaci\u00f3n de cookies, mediante la selecci\u00f3n de la correspondiente opci\u00f3n en su programa navegador. Sin embargo, la mercantil no se responsabiliza de que la desactivaci\u00f3n de las mismas impida el buen funcionamiento de la p\u00e1gina web.<\/p>\n<p style=\"text-align: justify;\">As\u00ed mismo, para acceder a algunos servicios que <b>DEPORTES URBANOS DE EXTERIOR, SL<\/b> ofrece a trav\u00e9s de este website deber\u00e1 proporcionar algunos datos de car\u00e1cter personal. En cumplimiento de lo establecido en normativa de Protecci\u00f3n de Datos de Car\u00e1cter Personal le informamos que, mediante el cumplimiento del formulario, sus datos personales quedaran incorporados y seran tratados en los ficheros de <b>DEPORTES URBANOS DE EXTERIOR, SL<\/b> con la finalidad de poderle prestar y ofrecer nuestros servicios, as\u00ed como para informar de las mejoras de la Web.<\/p>\n<p style=\"text-align: justify;\">Si desea ejercitar sus derechos de acceso, rectificaci\u00f3n o supresi\u00f3n, la limitaci\u00f3n del tratamiento o oponer-se, as\u00ed<span class=\"Apple-converted-space\">&nbsp; <\/span>como el derecho a la portabilidad de los datos, puede dirigirse a: Pol\u00edgono Industrial Erletxe Plataforma K-3 Nave 24<span class=\"Apple-converted-space\">&nbsp; <\/span>, 48960 GALDAKAO (VIZCAYA) o bien, enviar un correo electr\u00f3nico a info@deportesurbanos.com<\/p>\n<h4 style=\"text-align: justify; color: #000;\"><strong>PROPIEDAD INDUSTRIAL E INTELECTUAL<\/strong><\/h4>\n<p style=\"text-align: justify;\">Esta web es propiedad de <b>DEPORTES URBANOS DE EXTERIOR, SL<\/b>. Los derechos de Propiedad Intelectual y derechos de explotaci\u00f3n y reproducci\u00f3n de esta web, de sus p\u00e1ginas, pantallas, la Informaci\u00f3n que contienen, su apariencia y dise\u00f1o, as\u00ed como los v\u00ednculos (\u00abhiperlinks\u00bb) que se establezcan desde ella a otras p\u00e1ginas web de cualquier sociedad filial y\/o dominada de <b>DEPORTES URBANOS DE EXTERIOR, SL<\/b>, son propiedad exclusiva de \u00e9sta, salvo que expresamente se especifique otra cosa.<\/p>\n<p style=\"text-align: justify;\">Cualquier denominaci\u00f3n, dise\u00f1o y\/o logotipo, as\u00ed como cualquier producto o servicio ofrecidos y reflejados en esta p\u00e1gina web, son marcas debidamente registradas por <b>DEPORTES URBANOS DE EXTERIOR, SL<\/b>, por sus sociedades filiales y\/o dominadas o por terceros.<\/p>\n<p style=\"text-align: justify;\">Cualquier uso indebido de las mismas por personas diferentes de su leg\u00edtimo titular y sin el consentimiento expreso e inequ\u00edvoco por parte de \u00e9ste podr\u00e1 ser denunciado y perseguido a trav\u00e9s de todos los medio legales existentes en el Ordenamiento Jur\u00eddico espa\u00f1ol y\/o comunitario.<\/p>\n<p style=\"text-align: justify;\">Los derechos de propiedad intelectual y marcas de terceros est\u00e1n destacados convenientemente y deben ser respetados por todo aqu\u00e9l que acceda a esta p\u00e1gina, no siendo responsabilidad de <b>DEPORTES URBANOS DE EXTERIOR, SL<\/b> el uso que EL USUARIO pueda llevar a cabo al respecto, recayendo la responsabilidad exclusiva en su persona.<\/p>\n<p style=\"text-align: justify;\">S\u00f3lo para uso personal y privado se permite descargar los contenidos, copiar o imprimir cualquier p\u00e1gina de esta web. Queda prohibido reproducir, transmitir, modificar o suprimir la informaci\u00f3n, contenido o advertencias de esta web sin la previa autorizaci\u00f3n por escrito de <b>DEPORTES URBANOS DE EXTERIOR, SL<\/b>.<\/p>\n<p style=\"text-align: justify;\"><b>DEPORTES URBANOS DE EXTERIOR, SL<\/b> no transfiere a los usuarios la propiedad de su software. El usuario \u00e9s el propietario del soporte en el cual el software es grabado. <b>DEPORTES URBANOS DE EXTERIOR, SL<\/b> posee todos los derechos de propiedad industrial e intelectual, incluyendo el software. Si el usuario transfiere el software de este website a su terminal, no podr\u00e1 diseccionar para su estudio y descompilar, traducir la versi\u00f3n del c\u00f3digo objeto original o su lenguaje a otro c\u00f3digo o lenguaje.<\/p>\n<h4 style=\"text-align: justify; color: #000;\"><strong>LEY APLICABLE Y JURISDICCI\u00d3N<\/strong><\/h4>\n<p style=\"text-align: justify;\">Las presentes condiciones generales se rigen por la Legislaci\u00f3n espa\u00f1ola, siendo competentes los Juzgados y Tribunales espa\u00f1oles para conocer de cuantas cuestiones se susciten sobre la interpretaci\u00f3n, aplicaci\u00f3n e cumplimiento de las mismas. EL USUARIO, por virtud de su aceptaci\u00f3n a las condiciones generales recogidas en este aviso legal, renuncia expresamente a cualquier fuero que, por aplicaci\u00f3n de la Ley de Enjuiciamiento Civil vigente pudiera corresponderle.<\/p>\n<p>[\/vc_column_text][vc_empty_space height=&#8221;68px&#8221;][\/vc_column][vc_column width=&#8221;1\/6&#8243;][vc_empty_space height=&#8221;1px&#8221;][\/vc_column][\/vc_row]<\/p>\n","protected":false},"excerpt":{"rendered":"<p>[vc_row][vc_column width=&#8221;1\/6&#8243;][vc_empty_space height=&#8221;1px&#8221;][\/vc_column][vc_column width=&#8221;2\/3&#8243;][vc_empty_space height=&#8221;30px&#8221;][vc_column_text] AVISO LEGAL Y POL\u00cdTICA DE PRIVACIDAD [\/vc_column_text][vc_empty_space height=&#8221;20px&#8221;][vc_column_text] INFORMACI\u00d3N LEGAL LSSIYCE De acuerdo con las obligaciones previstas en la Ley 34\/2002, de servicios de la Sociedad de la Informaci\u00f3n y del comercio electr\u00f3nico (en adelante LSSIYCE), DEPORTES URBANOS DE EXTERIOR,&#8230;<\/p>\n","protected":false},"author":1,"featured_media":0,"parent":0,"menu_order":19,"comment_status":"closed","ping_status":"closed","template":"full-width.php","meta":{"ngg_post_thumbnail":0},"yoast_head":"<!-- This site is optimized with the Yoast SEO plugin v17.0 - https:\/\/yoast.com\/wordpress\/plugins\/seo\/ -->\n<title>Pol\u00edtica de Privacidad - Mesas ping pong exterior<\/title>\n<meta name=\"robots\" content=\"noindex, nofollow\" \/>\n<meta property=\"og:locale\" content=\"fr_FR\" \/>\n<meta property=\"og:type\" content=\"article\" \/>\n<meta property=\"og:title\" content=\"Pol\u00edtica de Privacidad - Mesas ping pong exterior\" \/>\n<meta property=\"og:description\" content=\"[vc_row][vc_column width=&#8221;1\/6&#8243;][vc_empty_space height=&#8221;1px&#8221;][\/vc_column][vc_column width=&#8221;2\/3&#8243;][vc_empty_space height=&#8221;30px&#8221;][vc_column_text] AVISO LEGAL Y POL\u00cdTICA DE PRIVACIDAD [\/vc_column_text][vc_empty_space height=&#8221;20px&#8221;][vc_column_text] INFORMACI\u00d3N LEGAL LSSIYCE De acuerdo con las obligaciones previstas en la Ley 34\/2002, de servicios de la Sociedad de la Informaci\u00f3n y del comercio electr\u00f3nico (en adelante LSSIYCE), DEPORTES URBANOS DE EXTERIOR,...\" \/>\n<meta property=\"og:url\" content=\"https:\/\/mesaspingpongexterior.es\/politica-de-privacidad\/\" \/>\n<meta property=\"og:site_name\" content=\"Mesas ping pong exterior\" \/>\n<meta property=\"article:modified_time\" content=\"2020-01-13T11:40:51+00:00\" \/>\n<meta name=\"twitter:card\" content=\"summary_large_image\" \/>\n<meta name=\"twitter:label1\" content=\"Dur\u00e9e de lecture est.\" \/>\n\t<meta name=\"twitter:data1\" content=\"6 minutes\" \/>\n<script type=\"application\/ld+json\" class=\"yoast-schema-graph\">{\"@context\":\"https:\/\/schema.org\",\"@graph\":[{\"@type\":\"WebSite\",\"@id\":\"https:\/\/mesaspingpongexterior.es\/#website\",\"url\":\"https:\/\/mesaspingpongexterior.es\/\",\"name\":\"Mesas ping pong exterior\",\"description\":\"Mesas de ping pong\",\"potentialAction\":[{\"@type\":\"SearchAction\",\"target\":{\"@type\":\"EntryPoint\",\"urlTemplate\":\"https:\/\/mesaspingpongexterior.es\/?s={search_term_string}\"},\"query-input\":\"required name=search_term_string\"}],\"inLanguage\":\"fr-FR\"},{\"@type\":\"WebPage\",\"@id\":\"https:\/\/mesaspingpongexterior.es\/politica-de-privacidad\/#webpage\",\"url\":\"https:\/\/mesaspingpongexterior.es\/politica-de-privacidad\/\",\"name\":\"Pol\\u00edtica de Privacidad - Mesas ping pong exterior\",\"isPartOf\":{\"@id\":\"https:\/\/mesaspingpongexterior.es\/#website\"},\"datePublished\":\"2019-09-18T11:26:03+00:00\",\"dateModified\":\"2020-01-13T11:40:51+00:00\",\"breadcrumb\":{\"@id\":\"https:\/\/mesaspingpongexterior.es\/politica-de-privacidad\/#breadcrumb\"},\"inLanguage\":\"fr-FR\",\"potentialAction\":[{\"@type\":\"ReadAction\",\"target\":[\"https:\/\/mesaspingpongexterior.es\/politica-de-privacidad\/\"]}]},{\"@type\":\"BreadcrumbList\",\"@id\":\"https:\/\/mesaspingpongexterior.es\/politica-de-privacidad\/#breadcrumb\",\"itemListElement\":[{\"@type\":\"ListItem\",\"position\":1,\"name\":\"Portada\",\"item\":\"https:\/\/mesaspingpongexterior.es\/\"},{\"@type\":\"ListItem\",\"position\":2,\"name\":\"Pol\\u00edtica de Privacidad\"}]}]}<\/script>\n<!-- \/ Yoast SEO plugin. -->","yoast_head_json":{"title":"Pol\u00edtica de Privacidad - Mesas ping pong exterior","robots":{"index":"noindex","follow":"nofollow"},"og_locale":"fr_FR","og_type":"article","og_title":"Pol\u00edtica de Privacidad - Mesas ping pong exterior","og_description":"[vc_row][vc_column width=&#8221;1\/6&#8243;][vc_empty_space height=&#8221;1px&#8221;][\/vc_column][vc_column width=&#8221;2\/3&#8243;][vc_empty_space height=&#8221;30px&#8221;][vc_column_text] AVISO LEGAL Y POL\u00cdTICA DE PRIVACIDAD [\/vc_column_text][vc_empty_space height=&#8221;20px&#8221;][vc_column_text] INFORMACI\u00d3N LEGAL LSSIYCE De acuerdo con las obligaciones previstas en la Ley 34\/2002, de servicios de la Sociedad de la Informaci\u00f3n y del comercio electr\u00f3nico (en adelante LSSIYCE), DEPORTES URBANOS DE EXTERIOR,...","og_url":"https:\/\/mesaspingpongexterior.es\/politica-de-privacidad\/","og_site_name":"Mesas ping pong exterior","article_modified_time":"2020-01-13T11:40:51+00:00","twitter_card":"summary_large_image","twitter_misc":{"Dur\u00e9e de lecture est.":"6 minutes"},"schema":{"@context":"https:\/\/schema.org","@graph":[{"@type":"WebSite","@id":"https:\/\/mesaspingpongexterior.es\/#website","url":"https:\/\/mesaspingpongexterior.es\/","name":"Mesas ping pong exterior","description":"Mesas de ping pong","potentialAction":[{"@type":"SearchAction","target":{"@type":"EntryPoint","urlTemplate":"https:\/\/mesaspingpongexterior.es\/?s={search_term_string}"},"query-input":"required name=search_term_string"}],"inLanguage":"fr-FR"},{"@type":"WebPage","@id":"https:\/\/mesaspingpongexterior.es\/politica-de-privacidad\/#webpage","url":"https:\/\/mesaspingpongexterior.es\/politica-de-privacidad\/","name":"Pol\u00edtica de Privacidad - Mesas ping pong exterior","isPartOf":{"@id":"https:\/\/mesaspingpongexterior.es\/#website"},"datePublished":"2019-09-18T11:26:03+00:00","dateModified":"2020-01-13T11:40:51+00:00","breadcrumb":{"@id":"https:\/\/mesaspingpongexterior.es\/politica-de-privacidad\/#breadcrumb"},"inLanguage":"fr-FR","potentialAction":[{"@type":"ReadAction","target":["https:\/\/mesaspingpongexterior.es\/politica-de-privacidad\/"]}]},{"@type":"BreadcrumbList","@id":"https:\/\/mesaspingpongexterior.es\/politica-de-privacidad\/#breadcrumb","itemListElement":[{"@type":"ListItem","position":1,"name":"Portada","item":"https:\/\/mesaspingpongexterior.es\/"},{"@type":"ListItem","position":2,"name":"Pol\u00edtica de Privacidad"}]}]}},"_links":{"self":[{"href":"https:\/\/mesaspingpongexterior.es\/fr\/wp-json\/wp\/v2\/pages\/4041"}],"collection":[{"href":"https:\/\/mesaspingpongexterior.es\/fr\/wp-json\/wp\/v2\/pages"}],"about":[{"href":"https:\/\/mesaspingpongexterior.es\/fr\/wp-json\/wp\/v2\/types\/page"}],"author":[{"embeddable":true,"href":"https:\/\/mesaspingpongexterior.es\/fr\/wp-json\/wp\/v2\/users\/1"}],"replies":[{"embeddable":true,"href":"https:\/\/mesaspingpongexterior.es\/fr\/wp-json\/wp\/v2\/comments?post=4041"}],"version-history":[{"count":3,"href":"https:\/\/mesaspingpongexterior.es\/fr\/wp-json\/wp\/v2\/pages\/4041\/revisions"}],"predecessor-version":[{"id":4047,"href":"https:\/\/mesaspingpongexterior.es\/fr\/wp-json\/wp\/v2\/pages\/4041\/revisions\/4047"}],"wp:attachment":[{"href":"https:\/\/mesaspingpongexterior.es\/fr\/wp-json\/wp\/v2\/media?parent=4041"}],"curies":[{"name":"wp","href":"https:\/\/api.w.org\/{rel}","templated":true}]}}