{"id":4048,"date":"2019-09-18T11:30:55","date_gmt":"2019-09-18T11:30:55","guid":{"rendered":"https:\/\/mesaspingpongexterior.es\/?page_id=4048"},"modified":"2020-01-13T11:34:03","modified_gmt":"2020-01-13T11:34:03","slug":"politica-de-cookies","status":"publish","type":"page","link":"https:\/\/mesaspingpongexterior.es\/fr\/politica-de-cookies\/","title":{"rendered":"Pol\u00edtica de Cookies"},"content":{"rendered":"<p>[vc_row][vc_column width=&#8221;1\/6&#8243;][vc_empty_space height=&#8221;1px&#8221;][\/vc_column][vc_column width=&#8221;2\/3&#8243;][vc_empty_space height=&#8221;30px&#8221;][vc_column_text]<\/p>\n<h3 style=\"text-align: center; color: #669ecf;\">POL\u00cdTICA DE COOKIES<\/h3>\n<p>[\/vc_column_text][vc_empty_space height=&#8221;20px&#8221;][vc_column_text]<\/p>\n<div class=\"entry-content clearfix\">\n<p style=\"text-align: justify;\">Les informamos que para un correcto funcionamiento de la web deportesurbanos.com, propiedad y responsabilidad de DEPORTES URBANOS DE EXTERIOR SL, el sistema de navegaci\u00f3n utiliza algunos datos de navegaci\u00f3n (\u201cCookies\u201d) para poder ofrecer un servicio m\u00e1s personalizado a los usuarios de la web.<\/p>\n<p style=\"text-align: justify;\">Las \u201cCookies\u201d son peque\u00f1os archivos de texto que el navegador guarda cuando se navega por p\u00e1ginas web y aplicaciones. Se puede obtener la informaci\u00f3n de la direcci\u00f3n IP que utiliza el ordenador para conectar-se a la p\u00e1gina web, la direcci\u00f3n URL de la pagina web solicitada, la hora de la conexi\u00f3n i otros par\u00e1metros relativos al sistema operativo del entorno inform\u00e1tico del usuario. Esta informaci\u00f3n tan solo se recoge para identificar la sesi\u00f3n con el objetivo de facilitar el an\u00e1lisis de la pagina web.<\/p>\n<p style=\"text-align: justify;\">DEPORTES URBANOS DE EXTERIOR SLen su web tan solo utilitza \u201ccookies\u201d de propia del servicio ofrecido por de Google Analytics; que es un servicio de estad\u00edsticas de paginas web que ofrece Google, Inc. Google Analytics recoge informaci\u00f3n del equipo del usuario para obtener&nbsp; informes sobre la actividad de la aplicaci\u00f3n; guardando la informaci\u00f3n almacenada en servidores de los Estados Unidos.<\/p>\n<p style=\"text-align: justify;\">En todo caso, en el supuesto que se capten datos de car\u00e1cter personal- en este caso tan s\u00f3lo la Ip de acceso; les informamos que estas&nbsp; ser\u00e1n tratadas e incorporadas en un Fichero responsabilidad de DEPORTES URBANOS DE EXTERIOR SL. Conforme lo dispuesto en los art\u00edculos 15 y 16 de la Ley Org\u00e1nica 15\/1999, de 13 de diciembre, de Protecci\u00f3n de Datos de Car\u00e1cter Personal, le informamos que puede ejercitar los derechos de acceso, rectificaci\u00f3n, cancelaci\u00f3n y oposici\u00f3n a: San Vicente n.5, 11 izq de 48001 Bilbao ( Bizkaia)<\/p>\n<p style=\"text-align: justify;\">Se informa al usuario que Google podr\u00e1 transmitir esta informaci\u00f3n a terceros cuando as\u00ed lo requiera la ley, o cuando estos terceros procesen la informaci\u00f3n por cuenta de Google. Google no asociar\u00e1 la direcci\u00f3n de&nbsp; IP del usuario con otro dato de que dispongan, y por lo tanto lo har\u00e1n totalmente de forma anonimizada.<\/p>\n<p style=\"text-align: justify;\">Para rehusar o eliminar esta \u201ccookie\u201d se puede consultar la siguiente direcci\u00f3n:<\/p>\n<p style=\"text-align: justify;\"><a href=\"http:\/\/www.google.com\/intl\/ca\/policies\/privacy\/\">http:\/\/www.google.com\/intl\/ca\/policies\/privacy\/<\/a><\/p>\n<p style=\"text-align: justify;\"><a href=\"http:\/\/www.google.com\/intl\/en\/privacypolicy.html\">http:\/\/www.google.com\/intl\/en\/privacypolicy.html<\/a><\/p>\n<p style=\"text-align: justify;\">En cualquier caso, el usuario puede habilitar la opci\u00f3n de su propio sistema de navegaci\u00f3n para no permitir la instalaci\u00f3n de cookies; sin que en ning\u00fan caso DEPORTES URBANOS DE EXTERIOR SL pueda ser responsable de que la inhabilitaci\u00f3n de Cookies comporte que algunos de los servicios que ofrece esta web no funcione correctamente.<\/p>\n<p style=\"text-align: justify;\">Si desea m\u00e1s informaci\u00f3n sobre las cookies y su manera de deshabitarlas seg\u00fan su sistema de navegaci\u00f3n puede consultar los siguientes links: <a href=\"http:\/\/www.aboutcookies.org\/\">www.aboutcookies.org<\/a> y <a href=\"http:\/\/www.aboutcookies.org\/Default.aspx?page=1\">http:\/\/www.aboutcookies.org\/Default.aspx?page=1<\/a><\/p>\n<p style=\"text-align: justify;\">Adem\u00e1s tambi\u00e9n puede deshabilitar las cookies desde el propio navegador que est\u00e1 utilizando en su propio dispositivo; siendo los pasos a seguir en los navegadores m\u00e1s utilizados:<\/p>\n<p style=\"text-align: justify;\">\u2013 Microsoft Internet Explorer, en la opci\u00f3n de men\u00fa Herramientas \u2192 Opciones de Internet \u2192 Privacidad \u2192 Configuraci\u00f3n.<\/p>\n<p style=\"text-align: justify;\">\u2013 Firefox, en la opci\u00f3n de men\u00fa Herramientas \u2192 Opciones \u2192 Privacidad \u2192 Cookies.<\/p>\n<p style=\"text-align: justify;\">\u2013 Chrome: Configuraci\u00f3n \u2192 Mostrar opciones avanzadas \u2192 Privacidad \u2192 Configuraci\u00f3n de contenido.<\/p>\n<p style=\"text-align: justify;\">&nbsp;Safari: Preferencias \u2192 Seguridad.<\/p>\n<p style=\"text-align: justify;\">En caso contrario, y habiendo informado DEPORTES URBANOS DE EXTERIOR SL del uso de cookies, y sin que estas hayan sido inhabilitadas implica que el usuario da&nbsp; su consentimiento al tratamiento de datos por Google en la forma prevista en esta aviso y para las finalidades aqu\u00ed descritas.<\/p>\n<p style=\"text-align: justify;\">En caso de duda o de cualquier comentario, se puede dirigir a DEPORTES URBANOS DE EXTERIOR SL &nbsp;a trav\u00e9s de los sus medios de atenci\u00f3n al p\u00fablico.<\/p>\n<\/div>\n<footer class=\"entry-meta-bar clearfix\">\n<div class=\"entry-meta clearfix\" style=\"text-align: justify;\">&nbsp;<\/div>\n<\/footer>\n<p>[\/vc_column_text][vc_empty_space height=&#8221;68px&#8221;][\/vc_column][vc_column width=&#8221;1\/6&#8243;][vc_empty_space height=&#8221;1px&#8221;][\/vc_column][\/vc_row]<\/p>\n","protected":false},"excerpt":{"rendered":"<p>[vc_row][vc_column width=&#8221;1\/6&#8243;][vc_empty_space height=&#8221;1px&#8221;][\/vc_column][vc_column width=&#8221;2\/3&#8243;][vc_empty_space height=&#8221;30px&#8221;][vc_column_text] POL\u00cdTICA DE COOKIES [\/vc_column_text][vc_empty_space height=&#8221;20px&#8221;][vc_column_text] Les informamos que para un correcto funcionamiento de la web deportesurbanos.com, propiedad y responsabilidad de DEPORTES URBANOS DE EXTERIOR SL, el sistema de navegaci\u00f3n utiliza algunos datos de navegaci\u00f3n (\u201cCookies\u201d) para poder ofrecer un servicio&#8230;<\/p>\n","protected":false},"author":1,"featured_media":0,"parent":0,"menu_order":20,"comment_status":"closed","ping_status":"closed","template":"full-width.php","meta":{"ngg_post_thumbnail":0},"yoast_head":"<!-- This site is optimized with the Yoast SEO plugin v17.0 - https:\/\/yoast.com\/wordpress\/plugins\/seo\/ -->\n<title>Pol\u00edtica de Cookies - Mesas ping pong exterior<\/title>\n<meta name=\"robots\" content=\"noindex, nofollow\" \/>\n<meta property=\"og:locale\" content=\"fr_FR\" \/>\n<meta property=\"og:type\" content=\"article\" \/>\n<meta property=\"og:title\" content=\"Pol\u00edtica de Cookies - Mesas ping pong exterior\" \/>\n<meta property=\"og:description\" content=\"[vc_row][vc_column width=&#8221;1\/6&#8243;][vc_empty_space height=&#8221;1px&#8221;][\/vc_column][vc_column width=&#8221;2\/3&#8243;][vc_empty_space height=&#8221;30px&#8221;][vc_column_text] POL\u00cdTICA DE COOKIES [\/vc_column_text][vc_empty_space height=&#8221;20px&#8221;][vc_column_text] Les informamos que para un correcto funcionamiento de la web deportesurbanos.com, propiedad y responsabilidad de DEPORTES URBANOS DE EXTERIOR SL, el sistema de navegaci\u00f3n utiliza algunos datos de navegaci\u00f3n (\u201cCookies\u201d) para poder ofrecer un servicio...\" \/>\n<meta property=\"og:url\" content=\"https:\/\/mesaspingpongexterior.es\/politica-de-cookies\/\" \/>\n<meta property=\"og:site_name\" content=\"Mesas ping pong exterior\" \/>\n<meta property=\"article:modified_time\" content=\"2020-01-13T11:34:03+00:00\" \/>\n<meta name=\"twitter:card\" content=\"summary_large_image\" \/>\n<meta name=\"twitter:label1\" content=\"Dur\u00e9e de lecture est.\" \/>\n\t<meta name=\"twitter:data1\" content=\"3 minutes\" \/>\n<script type=\"application\/ld+json\" class=\"yoast-schema-graph\">{\"@context\":\"https:\/\/schema.org\",\"@graph\":[{\"@type\":\"WebSite\",\"@id\":\"https:\/\/mesaspingpongexterior.es\/#website\",\"url\":\"https:\/\/mesaspingpongexterior.es\/\",\"name\":\"Mesas ping pong exterior\",\"description\":\"Mesas de ping pong\",\"potentialAction\":[{\"@type\":\"SearchAction\",\"target\":{\"@type\":\"EntryPoint\",\"urlTemplate\":\"https:\/\/mesaspingpongexterior.es\/?s={search_term_string}\"},\"query-input\":\"required name=search_term_string\"}],\"inLanguage\":\"fr-FR\"},{\"@type\":\"WebPage\",\"@id\":\"https:\/\/mesaspingpongexterior.es\/politica-de-cookies\/#webpage\",\"url\":\"https:\/\/mesaspingpongexterior.es\/politica-de-cookies\/\",\"name\":\"Pol\\u00edtica de Cookies - Mesas ping pong exterior\",\"isPartOf\":{\"@id\":\"https:\/\/mesaspingpongexterior.es\/#website\"},\"datePublished\":\"2019-09-18T11:30:55+00:00\",\"dateModified\":\"2020-01-13T11:34:03+00:00\",\"breadcrumb\":{\"@id\":\"https:\/\/mesaspingpongexterior.es\/politica-de-cookies\/#breadcrumb\"},\"inLanguage\":\"fr-FR\",\"potentialAction\":[{\"@type\":\"ReadAction\",\"target\":[\"https:\/\/mesaspingpongexterior.es\/politica-de-cookies\/\"]}]},{\"@type\":\"BreadcrumbList\",\"@id\":\"https:\/\/mesaspingpongexterior.es\/politica-de-cookies\/#breadcrumb\",\"itemListElement\":[{\"@type\":\"ListItem\",\"position\":1,\"name\":\"Portada\",\"item\":\"https:\/\/mesaspingpongexterior.es\/\"},{\"@type\":\"ListItem\",\"position\":2,\"name\":\"Pol\\u00edtica de Cookies\"}]}]}<\/script>\n<!-- \/ Yoast SEO plugin. -->","yoast_head_json":{"title":"Pol\u00edtica de Cookies - Mesas ping pong exterior","robots":{"index":"noindex","follow":"nofollow"},"og_locale":"fr_FR","og_type":"article","og_title":"Pol\u00edtica de Cookies - Mesas ping pong exterior","og_description":"[vc_row][vc_column width=&#8221;1\/6&#8243;][vc_empty_space height=&#8221;1px&#8221;][\/vc_column][vc_column width=&#8221;2\/3&#8243;][vc_empty_space height=&#8221;30px&#8221;][vc_column_text] POL\u00cdTICA DE COOKIES [\/vc_column_text][vc_empty_space height=&#8221;20px&#8221;][vc_column_text] Les informamos que para un correcto funcionamiento de la web deportesurbanos.com, propiedad y responsabilidad de DEPORTES URBANOS DE EXTERIOR SL, el sistema de navegaci\u00f3n utiliza algunos datos de navegaci\u00f3n (\u201cCookies\u201d) para poder ofrecer un servicio...","og_url":"https:\/\/mesaspingpongexterior.es\/politica-de-cookies\/","og_site_name":"Mesas ping pong exterior","article_modified_time":"2020-01-13T11:34:03+00:00","twitter_card":"summary_large_image","twitter_misc":{"Dur\u00e9e de lecture est.":"3 minutes"},"schema":{"@context":"https:\/\/schema.org","@graph":[{"@type":"WebSite","@id":"https:\/\/mesaspingpongexterior.es\/#website","url":"https:\/\/mesaspingpongexterior.es\/","name":"Mesas ping pong exterior","description":"Mesas de ping pong","potentialAction":[{"@type":"SearchAction","target":{"@type":"EntryPoint","urlTemplate":"https:\/\/mesaspingpongexterior.es\/?s={search_term_string}"},"query-input":"required name=search_term_string"}],"inLanguage":"fr-FR"},{"@type":"WebPage","@id":"https:\/\/mesaspingpongexterior.es\/politica-de-cookies\/#webpage","url":"https:\/\/mesaspingpongexterior.es\/politica-de-cookies\/","name":"Pol\u00edtica de Cookies - Mesas ping pong exterior","isPartOf":{"@id":"https:\/\/mesaspingpongexterior.es\/#website"},"datePublished":"2019-09-18T11:30:55+00:00","dateModified":"2020-01-13T11:34:03+00:00","breadcrumb":{"@id":"https:\/\/mesaspingpongexterior.es\/politica-de-cookies\/#breadcrumb"},"inLanguage":"fr-FR","potentialAction":[{"@type":"ReadAction","target":["https:\/\/mesaspingpongexterior.es\/politica-de-cookies\/"]}]},{"@type":"BreadcrumbList","@id":"https:\/\/mesaspingpongexterior.es\/politica-de-cookies\/#breadcrumb","itemListElement":[{"@type":"ListItem","position":1,"name":"Portada","item":"https:\/\/mesaspingpongexterior.es\/"},{"@type":"ListItem","position":2,"name":"Pol\u00edtica de Cookies"}]}]}},"_links":{"self":[{"href":"https:\/\/mesaspingpongexterior.es\/fr\/wp-json\/wp\/v2\/pages\/4048"}],"collection":[{"href":"https:\/\/mesaspingpongexterior.es\/fr\/wp-json\/wp\/v2\/pages"}],"about":[{"href":"https:\/\/mesaspingpongexterior.es\/fr\/wp-json\/wp\/v2\/types\/page"}],"author":[{"embeddable":true,"href":"https:\/\/mesaspingpongexterior.es\/fr\/wp-json\/wp\/v2\/users\/1"}],"replies":[{"embeddable":true,"href":"https:\/\/mesaspingpongexterior.es\/fr\/wp-json\/wp\/v2\/comments?post=4048"}],"version-history":[{"count":1,"href":"https:\/\/mesaspingpongexterior.es\/fr\/wp-json\/wp\/v2\/pages\/4048\/revisions"}],"predecessor-version":[{"id":4049,"href":"https:\/\/mesaspingpongexterior.es\/fr\/wp-json\/wp\/v2\/pages\/4048\/revisions\/4049"}],"wp:attachment":[{"href":"https:\/\/mesaspingpongexterior.es\/fr\/wp-json\/wp\/v2\/media?parent=4048"}],"curies":[{"name":"wp","href":"https:\/\/api.w.org\/{rel}","templated":true}]}}